{"id":6128,"date":"2024-10-02T11:47:30","date_gmt":"2024-10-02T11:47:30","guid":{"rendered":"https:\/\/campinglavall.net\/?page_id=6128"},"modified":"2024-10-02T11:55:25","modified_gmt":"2024-10-02T11:55:25","slug":"politica-de-cancelacion","status":"publish","type":"page","link":"https:\/\/campinglavall.net\/en\/politica-de-cancelacion\/","title":{"rendered":"Pol\u00edtica de Cancelaci\u00f3n"},"content":{"rendered":"<h3><strong>Pol\u00edtica de Cancelaci\u00f3n<br \/>\n<\/strong><\/h3>\n<ul>\n<li>Cancelaciones efectuadas con m\u00e1s de 30 d\u00edas de antelaci\u00f3n: devoluci\u00f3n del 95% del importe pagado.<\/li>\n<li>Cancelaciones efectuadas entre 30 y 15 d\u00edas antes de la fecha de llegada: devoluci\u00f3n del 50% del importe pagado.<\/li>\n<li>Cancelaciones efectuadas en los 15 d\u00edas anteriores a la fecha de llegada: p\u00e9rdida del 100% del importe pagado. \u00danicamente en casos de hospitalizaci\u00f3n, enviando el justificante correspondiente, se devolver\u00e1 el 30% del importe pagado.<\/li>\n<li>El retraso en el d\u00eda de llegada o la salida anticipada (ya sea por razones m\u00e9dicas o condiciones meteorol\u00f3gicas adversas) no da derecho a reducciones en el precio total de la reserva contratada ni a devoluciones.<\/li>\n<\/ul>\n<p>En caso de abandonar el camping antes de la fecha de salida, no se devolver\u00e1 el importe pagado a menos que sea por un motivo de fuerza mayor justificado.<\/p>\n","protected":false},"excerpt":{"rendered":"<p>Pol\u00edtica de Cancelaci\u00f3n Cancelaciones efectuadas con m\u00e1s de 30 d\u00edas de antelaci\u00f3n: devoluci\u00f3n del 95% del importe pagado. Cancelaciones efectuadas entre 30 y 15 d\u00edas antes de la fecha de llegada: devoluci\u00f3n del 50% del importe pagado. Cancelaciones efectuadas en los 15 d\u00edas anteriores a la fecha de llegada: p\u00e9rdida del 100% del importe pagado&#8230;.<\/p>\n","protected":false},"author":1,"featured_media":0,"parent":0,"menu_order":0,"comment_status":"closed","ping_status":"closed","template":"","meta":{"footnotes":""},"class_list":["post-6128","page","type-page","status-publish","hentry"],"yoast_head":"<!-- This site is optimized with the Yoast SEO plugin v27.1.1 - https:\/\/yoast.com\/product\/yoast-seo-wordpress\/ -->\n<title>Pol\u00edtica de Cancelaci\u00f3n - Camping La Vall<\/title>\n<meta name=\"robots\" content=\"index, follow, max-snippet:-1, max-image-preview:large, max-video-preview:-1\" \/>\n<link rel=\"canonical\" href=\"https:\/\/campinglavall.net\/en\/politica-de-cancelacion\/\" \/>\n<meta property=\"og:locale\" content=\"en_US\" \/>\n<meta property=\"og:type\" content=\"article\" \/>\n<meta property=\"og:title\" content=\"Pol\u00edtica de Cancelaci\u00f3n - Camping La Vall\" \/>\n<meta property=\"og:description\" content=\"Pol\u00edtica de Cancelaci\u00f3n Cancelaciones efectuadas con m\u00e1s de 30 d\u00edas de antelaci\u00f3n: devoluci\u00f3n del 95% del importe pagado. Cancelaciones efectuadas entre 30 y 15 d\u00edas antes de la fecha de llegada: devoluci\u00f3n del 50% del importe pagado. Cancelaciones efectuadas en los 15 d\u00edas anteriores a la fecha de llegada: p\u00e9rdida del 100% del importe pagado....\" \/>\n<meta property=\"og:url\" content=\"https:\/\/campinglavall.net\/en\/politica-de-cancelacion\/\" \/>\n<meta property=\"og:site_name\" content=\"Camping La Vall\" \/>\n<meta property=\"article:modified_time\" content=\"2024-10-02T11:55:25+00:00\" \/>\n<meta name=\"twitter:card\" content=\"summary_large_image\" \/>\n<meta name=\"twitter:label1\" content=\"Est. reading time\" \/>\n\t<meta name=\"twitter:data1\" content=\"1 minute\" \/>\n<script type=\"application\/ld+json\" class=\"yoast-schema-graph\">{\"@context\":\"https:\/\/schema.org\",\"@graph\":[{\"@type\":\"WebPage\",\"@id\":\"https:\/\/campinglavall.net\/en\/politica-de-cancelacion\/\",\"url\":\"https:\/\/campinglavall.net\/en\/politica-de-cancelacion\/\",\"name\":\"Pol\u00edtica de Cancelaci\u00f3n - Camping La Vall\",\"isPartOf\":{\"@id\":\"https:\/\/campinglavall.net\/en\/#website\"},\"datePublished\":\"2024-10-02T11:47:30+00:00\",\"dateModified\":\"2024-10-02T11:55:25+00:00\",\"breadcrumb\":{\"@id\":\"https:\/\/campinglavall.net\/en\/politica-de-cancelacion\/#breadcrumb\"},\"inLanguage\":\"en-US\",\"potentialAction\":[{\"@type\":\"ReadAction\",\"target\":[\"https:\/\/campinglavall.net\/en\/politica-de-cancelacion\/\"]}]},{\"@type\":\"BreadcrumbList\",\"@id\":\"https:\/\/campinglavall.net\/en\/politica-de-cancelacion\/#breadcrumb\",\"itemListElement\":[{\"@type\":\"ListItem\",\"position\":1,\"name\":\"Portada\",\"item\":\"https:\/\/campinglavall.net\/en\/\"},{\"@type\":\"ListItem\",\"position\":2,\"name\":\"Pol\u00edtica de Cancelaci\u00f3n\"}]},{\"@type\":\"WebSite\",\"@id\":\"https:\/\/campinglavall.net\/en\/#website\",\"url\":\"https:\/\/campinglavall.net\/en\/\",\"name\":\"Camping La Vall\",\"description\":\"\",\"potentialAction\":[{\"@type\":\"SearchAction\",\"target\":{\"@type\":\"EntryPoint\",\"urlTemplate\":\"https:\/\/campinglavall.net\/en\/?s={search_term_string}\"},\"query-input\":{\"@type\":\"PropertyValueSpecification\",\"valueRequired\":true,\"valueName\":\"search_term_string\"}}],\"inLanguage\":\"en-US\"}]}<\/script>\n<!-- \/ Yoast SEO plugin. -->","yoast_head_json":{"title":"Pol\u00edtica de Cancelaci\u00f3n - Camping La Vall","robots":{"index":"index","follow":"follow","max-snippet":"max-snippet:-1","max-image-preview":"max-image-preview:large","max-video-preview":"max-video-preview:-1"},"canonical":"https:\/\/campinglavall.net\/en\/politica-de-cancelacion\/","og_locale":"en_US","og_type":"article","og_title":"Pol\u00edtica de Cancelaci\u00f3n - Camping La Vall","og_description":"Pol\u00edtica de Cancelaci\u00f3n Cancelaciones efectuadas con m\u00e1s de 30 d\u00edas de antelaci\u00f3n: devoluci\u00f3n del 95% del importe pagado. Cancelaciones efectuadas entre 30 y 15 d\u00edas antes de la fecha de llegada: devoluci\u00f3n del 50% del importe pagado. Cancelaciones efectuadas en los 15 d\u00edas anteriores a la fecha de llegada: p\u00e9rdida del 100% del importe pagado....","og_url":"https:\/\/campinglavall.net\/en\/politica-de-cancelacion\/","og_site_name":"Camping La Vall","article_modified_time":"2024-10-02T11:55:25+00:00","twitter_card":"summary_large_image","twitter_misc":{"Est. reading time":"1 minute"},"schema":{"@context":"https:\/\/schema.org","@graph":[{"@type":"WebPage","@id":"https:\/\/campinglavall.net\/en\/politica-de-cancelacion\/","url":"https:\/\/campinglavall.net\/en\/politica-de-cancelacion\/","name":"Pol\u00edtica de Cancelaci\u00f3n - Camping La Vall","isPartOf":{"@id":"https:\/\/campinglavall.net\/en\/#website"},"datePublished":"2024-10-02T11:47:30+00:00","dateModified":"2024-10-02T11:55:25+00:00","breadcrumb":{"@id":"https:\/\/campinglavall.net\/en\/politica-de-cancelacion\/#breadcrumb"},"inLanguage":"en-US","potentialAction":[{"@type":"ReadAction","target":["https:\/\/campinglavall.net\/en\/politica-de-cancelacion\/"]}]},{"@type":"BreadcrumbList","@id":"https:\/\/campinglavall.net\/en\/politica-de-cancelacion\/#breadcrumb","itemListElement":[{"@type":"ListItem","position":1,"name":"Portada","item":"https:\/\/campinglavall.net\/en\/"},{"@type":"ListItem","position":2,"name":"Pol\u00edtica de Cancelaci\u00f3n"}]},{"@type":"WebSite","@id":"https:\/\/campinglavall.net\/en\/#website","url":"https:\/\/campinglavall.net\/en\/","name":"Camping La Vall","description":"","potentialAction":[{"@type":"SearchAction","target":{"@type":"EntryPoint","urlTemplate":"https:\/\/campinglavall.net\/en\/?s={search_term_string}"},"query-input":{"@type":"PropertyValueSpecification","valueRequired":true,"valueName":"search_term_string"}}],"inLanguage":"en-US"}]}},"_links":{"self":[{"href":"https:\/\/campinglavall.net\/en\/wp-json\/wp\/v2\/pages\/6128","targetHints":{"allow":["GET"]}}],"collection":[{"href":"https:\/\/campinglavall.net\/en\/wp-json\/wp\/v2\/pages"}],"about":[{"href":"https:\/\/campinglavall.net\/en\/wp-json\/wp\/v2\/types\/page"}],"author":[{"embeddable":true,"href":"https:\/\/campinglavall.net\/en\/wp-json\/wp\/v2\/users\/1"}],"replies":[{"embeddable":true,"href":"https:\/\/campinglavall.net\/en\/wp-json\/wp\/v2\/comments?post=6128"}],"version-history":[{"count":1,"href":"https:\/\/campinglavall.net\/en\/wp-json\/wp\/v2\/pages\/6128\/revisions"}],"predecessor-version":[{"id":6133,"href":"https:\/\/campinglavall.net\/en\/wp-json\/wp\/v2\/pages\/6128\/revisions\/6133"}],"wp:attachment":[{"href":"https:\/\/campinglavall.net\/en\/wp-json\/wp\/v2\/media?parent=6128"}],"curies":[{"name":"wp","href":"https:\/\/api.w.org\/{rel}","templated":true}]}}