{"id":6076,"date":"2024-02-12T11:52:25","date_gmt":"2024-02-12T11:52:25","guid":{"rendered":"https:\/\/campinglavall.net\/bungalows\/el-niu\/"},"modified":"2025-10-17T13:10:18","modified_gmt":"2025-10-17T13:10:18","slug":"el-niu","status":"publish","type":"page","link":"https:\/\/campinglavall.net\/es\/bungalows\/el-niu\/","title":{"rendered":"el Niu"},"content":{"rendered":"<section class=\"l-section wpb_row us_custom_0dc18518 height_medium\"><div class=\"l-section-h i-cf\"><div class=\"g-cols vc_row via_grid cols_1 laptops-cols_inherit tablets-cols_inherit mobiles-cols_1 valign_top type_default stacking_default\"><div class=\"wpb_column vc_column_container\"><div class=\"vc_column-inner\"><div class=\"wpb_text_column us_custom_ac282cc5 text-bungalow has_text_color\"><div class=\"wpb_wrapper\"><h1 style=\"text-align: center;\">Bungalow<\/h1>\n<\/div><\/div><div class=\"wpb_text_column us_custom_82fa6055 text-bungalow-tipo has_text_color\"><div class=\"wpb_wrapper\"><h1 style=\"text-align: center;\">el Niu<\/h1>\n<\/div><\/div><div class=\"g-cols wpb_row us_custom_a966ed94 via_grid cols_2 laptops-cols_inherit tablets-cols_inherit mobiles-cols_1 valign_top type_default stacking_default\"><div class=\"wpb_column vc_column_container\"><div class=\"vc_column-inner\"><div class=\"w-slider us_custom_879a9938 style_none fit_cover\"><div class=\"w-slider-h\"><div class=\"royalSlider\"><div class=\"rsContent\"><a class=\"rsImg\" data-rsw=\"977\" data-rsh=\"650\" href=\"https:\/\/campinglavall.net\/wp-content\/uploads\/2024\/06\/PRINCIPAL.jpg\"><span data-alt=\"\"><\/span><\/a><\/div><div class=\"rsContent\"><a class=\"rsImg\" data-rsw=\"977\" data-rsh=\"650\" href=\"https:\/\/campinglavall.net\/wp-content\/uploads\/2024\/06\/AGC3307.jpg\"><span data-alt=\"\"><\/span><\/a><\/div><div class=\"rsContent\"><a class=\"rsImg\" data-rsw=\"852\" data-rsh=\"650\" href=\"https:\/\/campinglavall.net\/wp-content\/uploads\/2024\/06\/AGC3309-copia.jpg\"><span data-alt=\"\"><\/span><\/a><\/div><div class=\"rsContent\"><a class=\"rsImg\" data-rsw=\"977\" data-rsh=\"650\" href=\"https:\/\/campinglavall.net\/wp-content\/uploads\/2024\/06\/AGC3311.jpg\"><span data-alt=\"\"><\/span><\/a><\/div><\/div><img decoding=\"async\" src=\"https:\/\/campinglavall.net\/wp-content\/uploads\/2024\/06\/PRINCIPAL.jpg\" width=\"977\" height=\"650\" alt loading=\"lazy\"><\/div><div class=\"w-slider-json\" onclick='return {&quot;loop&quot;:true,&quot;fadeInLoadedSlide&quot;:false,&quot;slidesSpacing&quot;:0,&quot;imageScalePadding&quot;:0,&quot;numImagesToPreload&quot;:2,&quot;arrowsNav&quot;:true,&quot;arrowsNavAutoHide&quot;:false,&quot;transitionType&quot;:&quot;fade&quot;,&quot;transitionSpeed&quot;:250,&quot;block&quot;:{&quot;moveEffect&quot;:&quot;none&quot;,&quot;speed&quot;:300},&quot;controlNavigation&quot;:&quot;bullets&quot;,&quot;imageScaleMode&quot;:&quot;fill&quot;,&quot;autoScaleSlider&quot;:true,&quot;autoScaleSliderWidth&quot;:977,&quot;autoScaleSliderHeight&quot;:650,&quot;fitInViewport&quot;:false}'><\/div><\/div><\/div><\/div><div class=\"wpb_column vc_column_container\"><div class=\"vc_column-inner\"><div class=\"wpb_text_column us_custom_15bfd543\"><div class=\"wpb_wrapper\"><p>\u00bfBuscas contacto con la naturaleza? \u00bfTe gusta acampar pero no quieres perder las comodidades b\u00e1sicas? \u00a1Este es tu bungalow!<\/p>\n<p>1 habitaci\u00f3n con cama de matrimonio, zona com\u00fan con cocina, comedor y literas (separadas por cortinas) y lavabo con ducha.<\/p>\n<p>Ideal para disfrutar de las horas de sol en oto\u00f1o\/invierno y refrescarse en las noches de primavera\/verano.<\/p>\n<\/div><\/div><div class=\"w-hwrapper us_custom_17bd6e87 wrapper-caracteristiques align_none valign_top\" style=\"--hwrapper-gap:1.20rem\"><div class=\"w-image icon-caracteristicques align_none\"><div class=\"w-image-h\"><img loading=\"lazy\" decoding=\"async\" width=\"512\" height=\"512\" src=\"https:\/\/campinglavall.net\/wp-content\/uploads\/2024\/05\/camping-la-vall-radiador-verd-v1.png\" class=\"attachment-large size-large\" alt=\"\" srcset=\"https:\/\/campinglavall.net\/wp-content\/uploads\/2024\/05\/camping-la-vall-radiador-verd-v1.png 512w, https:\/\/campinglavall.net\/wp-content\/uploads\/2024\/05\/camping-la-vall-radiador-verd-v1-300x300.png 300w, https:\/\/campinglavall.net\/wp-content\/uploads\/2024\/05\/camping-la-vall-radiador-verd-v1-150x150.png 150w\" sizes=\"auto, (max-width: 512px) 100vw, 512px\" \/><\/div><\/div><div class=\"w-image icon-caracteristicques align_none\"><div class=\"w-image-h\"><img loading=\"lazy\" decoding=\"async\" width=\"512\" height=\"512\" src=\"https:\/\/campinglavall.net\/wp-content\/uploads\/2024\/05\/camping-la-vall-cocina-verd-v1.png\" class=\"attachment-large size-large\" alt=\"\" srcset=\"https:\/\/campinglavall.net\/wp-content\/uploads\/2024\/05\/camping-la-vall-cocina-verd-v1.png 512w, https:\/\/campinglavall.net\/wp-content\/uploads\/2024\/05\/camping-la-vall-cocina-verd-v1-300x300.png 300w, https:\/\/campinglavall.net\/wp-content\/uploads\/2024\/05\/camping-la-vall-cocina-verd-v1-150x150.png 150w\" sizes=\"auto, (max-width: 512px) 100vw, 512px\" \/><\/div><\/div><div class=\"w-image icon-caracteristicques align_none\"><div class=\"w-image-h\"><img loading=\"lazy\" decoding=\"async\" width=\"512\" height=\"512\" src=\"https:\/\/campinglavall.net\/wp-content\/uploads\/2024\/05\/camping-la-vall-acondicionador-de-aire-verd-v1.png\" class=\"attachment-large size-large\" alt=\"\" srcset=\"https:\/\/campinglavall.net\/wp-content\/uploads\/2024\/05\/camping-la-vall-acondicionador-de-aire-verd-v1.png 512w, https:\/\/campinglavall.net\/wp-content\/uploads\/2024\/05\/camping-la-vall-acondicionador-de-aire-verd-v1-300x300.png 300w, https:\/\/campinglavall.net\/wp-content\/uploads\/2024\/05\/camping-la-vall-acondicionador-de-aire-verd-v1-150x150.png 150w\" sizes=\"auto, (max-width: 512px) 100vw, 512px\" \/><\/div><\/div><\/div><\/div><\/div><\/div><div class=\"g-cols wpb_row us_custom_a966ed94 via_grid cols_1 laptops-cols_inherit tablets-cols_inherit mobiles-cols_1 valign_top type_default stacking_default\"><div class=\"wpb_column vc_column_container\"><div class=\"vc_column-inner\"><div class=\"wpb_text_column us_custom_d6d7b015 has_text_color\"><div class=\"wpb_wrapper\"><h5><strong>CARACTER\u00cdSTICAS<\/strong><\/h5>\n<\/div><\/div><div class=\"w-separator size_medium\"><\/div><div class=\"wpb_text_column\"><div class=\"wpb_wrapper\"><ul id=\"list-caracteristicas\" class=\"list-caracteristicas\">\n<li>Bungalow independiente de 22m2<\/li>\n<li>Situado muy cerca de las instalaciones centrales del camping<\/li>\n<li>Habitaci\u00f3n con cama de matrimonio de 1,35 x 1,90m<\/li>\n<li>Armario en la habitaci\u00f3n<\/li>\n<li>Litera con 2 camas de 0,90&#215;1,80m en la zona com\u00fan y separada por cortinas<\/li>\n<li>Las camas incluyen n\u00f3rdicos en invierno y colchas en verano (posibilidad de alquiler de s\u00e1banas y toallas)<\/li>\n<li>Comedor con mesa y sillas<\/li>\n<li>Cocina totalmente equipada (nevera, vitrocer\u00e1mica, microondas, utensilios de cocina, vajilla&#8230;)<\/li>\n<li>Lavabo con ducha<\/li>\n<li>Calefacci\u00f3n el\u00e9ctrica<\/li>\n<li>Terraza cubierta con mesa y bancos<\/li>\n<li>Aire acondicionado<\/li>\n<li>1 plaza de parking reservada en la zona de bungalows.<\/li>\n<li>Kit de limpieza de bienvenida (1 papel higi\u00e9nico, 1 bolsa de basura, 1 estropajo, 1 bote de jab\u00f3n lavavajillas, 1 bayeta y 1 trapo de cocina)<\/li>\n<li>Wifi gratis en las instalaciones comunes<\/li>\n<li>Tendedero de ropa<\/li>\n<li>Se aceptan mascotas<\/li>\n<\/ul>\n<\/div><\/div><\/div><\/div><\/div><style data-type=\"us_custom-css\"> ul#list-saber{list-style-type:none;padding:0;columns:2}#list-saber li::before{content:\"2022\"; color:#738872; display:inline-block;width:1em;margin-left:-1em}@media ( width < 500px ){ul#list-saber{columns:1}}<\/style><section class=\"l-section wpb_row height_medium width_full\"><div class=\"l-section-h i-cf\"><div class=\"g-cols vc_row via_grid cols_1 laptops-cols_inherit tablets-cols_inherit mobiles-cols_1 valign_top type_default stacking_default\"><div class=\"wpb_column vc_column_container\"><div class=\"vc_column-inner\"><div class=\"wpb_text_column us_custom_d6d7b015 has_text_color\"><div class=\"wpb_wrapper\"><h4><strong>LO QUE NECESITAS SABER<\/strong><\/h4>\n<\/div><\/div><div class=\"w-separator size_medium\"><\/div><div class=\"wpb_text_column us_custom_15bfd543\"><div class=\"wpb_wrapper\"><ul id=\"list-saber\">\n<li>Se permite la estancia de animales de compa\u00f1\u00eda en la zona de bungalow<\/li>\n<li>Toallas y s\u00e1banas inclu\u00eddas.<\/li>\n<li>Check-in: 16:00<\/li>\n<li>Check-out: 12:00<\/li>\n<li>Posibilidad d&#8217;Early Check-in y Late Check-out seg\u00fan disponibilidad. (con confirmaci\u00f3n previa de recepci\u00f3n).<\/li>\n<li>En el momento de la entrada, se deber\u00e1 dejar un dep\u00f3sito de 60 \u20ac, que se devolver\u00e1 el d\u00eda de salida una vez revisado el bungalow.<\/li>\n<li>En caso de necesitar el Pack beb\u00e9, es imprescindible solicitarlo en el momento de hacer la reserva.<\/li>\n<li>El registro de visitas queda sujeto a inscripci\u00f3n previa. Para m\u00e1s informaci\u00f3n, dir\u00edjase a recepci\u00f3n.<\/li>\n<li>Consulta las pol\u00edticas de cancelaci\u00f3n <a href=\"https:\/\/campinglavall.net\/es\/cancellation-policy\/\">aqu\u00ed<\/a>.<\/li>\n<\/ul>\n<\/div><\/div><div class=\"w-separator size_medium\"><\/div><div class=\"w-hwrapper align_center valign_top\" style=\"--hwrapper-gap:1.20rem\"><div class=\"w-btn-wrapper align_none\"><a class=\"w-btn us-btn-style_3\" href=\"https:\/\/booking.campinglavall.net\/search?lang=cat\"><span class=\"w-btn-label\">TARIFAS<\/span><\/a><\/div><div class=\"w-btn-wrapper align_none\"><a class=\"w-btn us-btn-style_3\" href=\"https:\/\/campinglavall.net\/es\/bungalows\/\"><span class=\"w-btn-label\">BUNGALOWS<\/span><\/a><\/div><\/div><\/div><\/div><\/div><\/div><\/section>\n<\/div><\/div><\/div><\/div><\/section>\n","protected":false},"excerpt":{"rendered":"Bungalow el Niu \u00bfBuscas contacto con la naturaleza? \u00bfTe gusta acampar pero no quieres perder las comodidades b\u00e1sicas? \u00a1Este es tu bungalow! 1 habitaci\u00f3n con cama de matrimonio, zona com\u00fan con cocina, comedor y literas (separadas por cortinas) y lavabo con ducha. Ideal para disfrutar de las horas de sol en oto\u00f1o\/invierno y refrescarse en...","protected":false},"author":1,"featured_media":0,"parent":3482,"menu_order":0,"comment_status":"closed","ping_status":"closed","template":"","meta":{"footnotes":""},"class_list":["post-6076","page","type-page","status-publish","hentry"],"yoast_head":"<!-- This site is optimized with the Yoast SEO plugin v27.1.1 - https:\/\/yoast.com\/product\/yoast-seo-wordpress\/ -->\n<title>el Niu - Camping La Vall<\/title>\n<meta name=\"robots\" content=\"index, follow, max-snippet:-1, max-image-preview:large, max-video-preview:-1\" \/>\n<link rel=\"canonical\" href=\"https:\/\/campinglavall.net\/es\/bungalows\/el-niu\/\" \/>\n<meta property=\"og:locale\" content=\"es_ES\" \/>\n<meta property=\"og:type\" content=\"article\" \/>\n<meta property=\"og:title\" content=\"el Niu - Camping La Vall\" \/>\n<meta property=\"og:url\" content=\"https:\/\/campinglavall.net\/es\/bungalows\/el-niu\/\" \/>\n<meta property=\"og:site_name\" content=\"Camping La Vall\" \/>\n<meta property=\"article:modified_time\" content=\"2025-10-17T13:10:18+00:00\" \/>\n<meta name=\"twitter:card\" content=\"summary_large_image\" \/>\n<meta name=\"twitter:label1\" content=\"Tiempo de lectura\" \/>\n\t<meta name=\"twitter:data1\" content=\"2 minutos\" \/>\n<script type=\"application\/ld+json\" class=\"yoast-schema-graph\">{\"@context\":\"https:\/\/schema.org\",\"@graph\":[{\"@type\":\"WebPage\",\"@id\":\"https:\/\/campinglavall.net\/es\/bungalows\/el-niu\/\",\"url\":\"https:\/\/campinglavall.net\/es\/bungalows\/el-niu\/\",\"name\":\"el Niu - Camping La Vall\",\"isPartOf\":{\"@id\":\"https:\/\/campinglavall.net\/es\/#website\"},\"datePublished\":\"2024-02-12T11:52:25+00:00\",\"dateModified\":\"2025-10-17T13:10:18+00:00\",\"breadcrumb\":{\"@id\":\"https:\/\/campinglavall.net\/es\/bungalows\/el-niu\/#breadcrumb\"},\"inLanguage\":\"es\",\"potentialAction\":[{\"@type\":\"ReadAction\",\"target\":[\"https:\/\/campinglavall.net\/es\/bungalows\/el-niu\/\"]}]},{\"@type\":\"BreadcrumbList\",\"@id\":\"https:\/\/campinglavall.net\/es\/bungalows\/el-niu\/#breadcrumb\",\"itemListElement\":[{\"@type\":\"ListItem\",\"position\":1,\"name\":\"Portada\",\"item\":\"https:\/\/campinglavall.net\/es\/\"},{\"@type\":\"ListItem\",\"position\":2,\"name\":\"BUNGALOWS\",\"item\":\"https:\/\/campinglavall.net\/es\/bungalows\/\"},{\"@type\":\"ListItem\",\"position\":3,\"name\":\"el Niu\"}]},{\"@type\":\"WebSite\",\"@id\":\"https:\/\/campinglavall.net\/es\/#website\",\"url\":\"https:\/\/campinglavall.net\/es\/\",\"name\":\"Camping La Vall\",\"description\":\"\",\"potentialAction\":[{\"@type\":\"SearchAction\",\"target\":{\"@type\":\"EntryPoint\",\"urlTemplate\":\"https:\/\/campinglavall.net\/es\/?s={search_term_string}\"},\"query-input\":{\"@type\":\"PropertyValueSpecification\",\"valueRequired\":true,\"valueName\":\"search_term_string\"}}],\"inLanguage\":\"es\"}]}<\/script>\n<!-- \/ Yoast SEO plugin. -->","yoast_head_json":{"title":"el Niu - Camping La Vall","robots":{"index":"index","follow":"follow","max-snippet":"max-snippet:-1","max-image-preview":"max-image-preview:large","max-video-preview":"max-video-preview:-1"},"canonical":"https:\/\/campinglavall.net\/es\/bungalows\/el-niu\/","og_locale":"es_ES","og_type":"article","og_title":"el Niu - Camping La Vall","og_url":"https:\/\/campinglavall.net\/es\/bungalows\/el-niu\/","og_site_name":"Camping La Vall","article_modified_time":"2025-10-17T13:10:18+00:00","twitter_card":"summary_large_image","twitter_misc":{"Tiempo de lectura":"2 minutos"},"schema":{"@context":"https:\/\/schema.org","@graph":[{"@type":"WebPage","@id":"https:\/\/campinglavall.net\/es\/bungalows\/el-niu\/","url":"https:\/\/campinglavall.net\/es\/bungalows\/el-niu\/","name":"el Niu - Camping La Vall","isPartOf":{"@id":"https:\/\/campinglavall.net\/es\/#website"},"datePublished":"2024-02-12T11:52:25+00:00","dateModified":"2025-10-17T13:10:18+00:00","breadcrumb":{"@id":"https:\/\/campinglavall.net\/es\/bungalows\/el-niu\/#breadcrumb"},"inLanguage":"es","potentialAction":[{"@type":"ReadAction","target":["https:\/\/campinglavall.net\/es\/bungalows\/el-niu\/"]}]},{"@type":"BreadcrumbList","@id":"https:\/\/campinglavall.net\/es\/bungalows\/el-niu\/#breadcrumb","itemListElement":[{"@type":"ListItem","position":1,"name":"Portada","item":"https:\/\/campinglavall.net\/es\/"},{"@type":"ListItem","position":2,"name":"BUNGALOWS","item":"https:\/\/campinglavall.net\/es\/bungalows\/"},{"@type":"ListItem","position":3,"name":"el Niu"}]},{"@type":"WebSite","@id":"https:\/\/campinglavall.net\/es\/#website","url":"https:\/\/campinglavall.net\/es\/","name":"Camping La Vall","description":"","potentialAction":[{"@type":"SearchAction","target":{"@type":"EntryPoint","urlTemplate":"https:\/\/campinglavall.net\/es\/?s={search_term_string}"},"query-input":{"@type":"PropertyValueSpecification","valueRequired":true,"valueName":"search_term_string"}}],"inLanguage":"es"}]}},"_links":{"self":[{"href":"https:\/\/campinglavall.net\/es\/wp-json\/wp\/v2\/pages\/6076","targetHints":{"allow":["GET"]}}],"collection":[{"href":"https:\/\/campinglavall.net\/es\/wp-json\/wp\/v2\/pages"}],"about":[{"href":"https:\/\/campinglavall.net\/es\/wp-json\/wp\/v2\/types\/page"}],"author":[{"embeddable":true,"href":"https:\/\/campinglavall.net\/es\/wp-json\/wp\/v2\/users\/1"}],"replies":[{"embeddable":true,"href":"https:\/\/campinglavall.net\/es\/wp-json\/wp\/v2\/comments?post=6076"}],"version-history":[{"count":10,"href":"https:\/\/campinglavall.net\/es\/wp-json\/wp\/v2\/pages\/6076\/revisions"}],"predecessor-version":[{"id":6727,"href":"https:\/\/campinglavall.net\/es\/wp-json\/wp\/v2\/pages\/6076\/revisions\/6727"}],"up":[{"embeddable":true,"href":"https:\/\/campinglavall.net\/es\/wp-json\/wp\/v2\/pages\/3482"}],"wp:attachment":[{"href":"https:\/\/campinglavall.net\/es\/wp-json\/wp\/v2\/media?parent=6076"}],"curies":[{"name":"wp","href":"https:\/\/api.w.org\/{rel}","templated":true}]}}