{"id":6204,"date":"2024-10-09T07:00:48","date_gmt":"2024-10-09T07:00:48","guid":{"rendered":"https:\/\/campinglavall.net\/?page_id=6204"},"modified":"2024-11-08T12:09:31","modified_gmt":"2024-11-08T12:09:31","slug":"aviso-legal","status":"publish","type":"page","link":"https:\/\/campinglavall.net\/es\/aviso-legal\/","title":{"rendered":"Aviso Legal"},"content":{"rendered":"<h3><strong>Aviso Legal<\/strong><\/h3>\n<p>De conformidad con la Ley 34\/2002, de Servicios de la Sociedad de la Informaci\u00f3n y de Comercio Electr\u00f3nico, le informamos que esta web es titularidad de CAMPINGLAVALLDECAMPMAJOR (en adelante \u00abEL TITULAR\u00bb), con CIF: B17662537, con domicilio en Crta. Del Collel km. 1,5, 17831 Sant Miquel de Campmajor, Girona. Tel\u00e9fono: 650 43 07 64.<\/p>\n<h4><strong>PROPIEDAD INTELECTUAL E INDUSTRIAL<\/strong><\/h4>\n<p>Los contenidos de este sitio, incluyendo los textos, im\u00e1genes y dise\u00f1os gr\u00e1ficos, pertenecen a EL TITULAR o a terceros que han autorizado su uso. EL TITULAR presenta estos contenidos con fines de informaci\u00f3n y promoci\u00f3n, y autoriza su utilizaci\u00f3n exclusivamente para estos fines. Cualquier utilizaci\u00f3n de estos dise\u00f1os, im\u00e1genes o textos deber\u00e1 citar expresamente su pertenencia a EL TITULAR, quien se reserva el derecho de emprender acciones legales para reparar los da\u00f1os causados por la vulneraci\u00f3n de sus derechos de propiedad intelectual o industrial.<\/p>\n<h4><strong>EXCLUSI\u00d3N DE RESPONSABILIDAD<\/strong><\/h4>\n<p>EL TITULAR se esfuerza por mantener actualizada la informaci\u00f3n de su sitio web, aunque no garantiza la exactitud ni se responsabiliza de los contenidos del sitio. Se reserva el derecho a modificarlos en cualquier momento. EL TITULAR tampoco ser\u00e1 responsable de la informaci\u00f3n obtenida a trav\u00e9s de enlaces externos en su sitio web.<\/p>\n<p>Las relaciones comerciales con los clientes estar\u00e1n reguladas por las Condiciones Generales establecidas por EL TITULAR o por los acuerdos espec\u00edficos con los clientes.<\/p>\n<h4><strong>CONDICIONES DE USO<\/strong><\/h4>\n<p>El uso de este sitio web implica la aceptaci\u00f3n completa de los t\u00e9rminos de este aviso legal. Cualquier conflicto relacionado con esta web se regir\u00e1 por la legislaci\u00f3n espa\u00f1ola. El usuario acepta cumplir con estas cl\u00e1usulas, independientemente de su ubicaci\u00f3n territorial, renunciando a cualquier otra jurisdicci\u00f3n que pudiera corresponderle.<\/p>\n","protected":false},"excerpt":{"rendered":"<p>Aviso Legal De conformidad con la Ley 34\/2002, de Servicios de la Sociedad de la Informaci\u00f3n y de Comercio Electr\u00f3nico, le informamos que esta web es titularidad de CAMPINGLAVALLDECAMPMAJOR (en adelante \u00abEL TITULAR\u00bb), con CIF: B17662537, con domicilio en Crta. Del Collel km. 1,5, 17831 Sant Miquel de Campmajor, Girona. Tel\u00e9fono: 650 43 07 64&#8230;.<\/p>\n","protected":false},"author":1,"featured_media":0,"parent":0,"menu_order":0,"comment_status":"closed","ping_status":"closed","template":"","meta":{"footnotes":""},"class_list":["post-6204","page","type-page","status-publish","hentry"],"yoast_head":"<!-- This site is optimized with the Yoast SEO plugin v27.1.1 - https:\/\/yoast.com\/product\/yoast-seo-wordpress\/ -->\n<title>Aviso Legal - Camping La Vall<\/title>\n<meta name=\"robots\" content=\"index, follow, max-snippet:-1, max-image-preview:large, max-video-preview:-1\" \/>\n<link rel=\"canonical\" href=\"https:\/\/campinglavall.net\/es\/aviso-legal\/\" \/>\n<meta property=\"og:locale\" content=\"es_ES\" \/>\n<meta property=\"og:type\" content=\"article\" \/>\n<meta property=\"og:title\" content=\"Aviso Legal - Camping La Vall\" \/>\n<meta property=\"og:description\" content=\"Aviso Legal De conformidad con la Ley 34\/2002, de Servicios de la Sociedad de la Informaci\u00f3n y de Comercio Electr\u00f3nico, le informamos que esta web es titularidad de CAMPINGLAVALLDECAMPMAJOR (en adelante \u00abEL TITULAR\u00bb), con CIF: B17662537, con domicilio en Crta. Del Collel km. 1,5, 17831 Sant Miquel de Campmajor, Girona. Tel\u00e9fono: 650 43 07 64....\" \/>\n<meta property=\"og:url\" content=\"https:\/\/campinglavall.net\/es\/aviso-legal\/\" \/>\n<meta property=\"og:site_name\" content=\"Camping La Vall\" \/>\n<meta property=\"article:modified_time\" content=\"2024-11-08T12:09:31+00:00\" \/>\n<meta name=\"twitter:card\" content=\"summary_large_image\" \/>\n<meta name=\"twitter:label1\" content=\"Tiempo de lectura\" \/>\n\t<meta name=\"twitter:data1\" content=\"2 minutos\" \/>\n<script type=\"application\/ld+json\" class=\"yoast-schema-graph\">{\"@context\":\"https:\/\/schema.org\",\"@graph\":[{\"@type\":\"WebPage\",\"@id\":\"https:\/\/campinglavall.net\/es\/aviso-legal\/\",\"url\":\"https:\/\/campinglavall.net\/es\/aviso-legal\/\",\"name\":\"Aviso Legal - Camping La Vall\",\"isPartOf\":{\"@id\":\"https:\/\/campinglavall.net\/es\/#website\"},\"datePublished\":\"2024-10-09T07:00:48+00:00\",\"dateModified\":\"2024-11-08T12:09:31+00:00\",\"breadcrumb\":{\"@id\":\"https:\/\/campinglavall.net\/es\/aviso-legal\/#breadcrumb\"},\"inLanguage\":\"es\",\"potentialAction\":[{\"@type\":\"ReadAction\",\"target\":[\"https:\/\/campinglavall.net\/es\/aviso-legal\/\"]}]},{\"@type\":\"BreadcrumbList\",\"@id\":\"https:\/\/campinglavall.net\/es\/aviso-legal\/#breadcrumb\",\"itemListElement\":[{\"@type\":\"ListItem\",\"position\":1,\"name\":\"Portada\",\"item\":\"https:\/\/campinglavall.net\/es\/\"},{\"@type\":\"ListItem\",\"position\":2,\"name\":\"Aviso Legal\"}]},{\"@type\":\"WebSite\",\"@id\":\"https:\/\/campinglavall.net\/es\/#website\",\"url\":\"https:\/\/campinglavall.net\/es\/\",\"name\":\"Camping La Vall\",\"description\":\"\",\"potentialAction\":[{\"@type\":\"SearchAction\",\"target\":{\"@type\":\"EntryPoint\",\"urlTemplate\":\"https:\/\/campinglavall.net\/es\/?s={search_term_string}\"},\"query-input\":{\"@type\":\"PropertyValueSpecification\",\"valueRequired\":true,\"valueName\":\"search_term_string\"}}],\"inLanguage\":\"es\"}]}<\/script>\n<!-- \/ Yoast SEO plugin. -->","yoast_head_json":{"title":"Aviso Legal - Camping La Vall","robots":{"index":"index","follow":"follow","max-snippet":"max-snippet:-1","max-image-preview":"max-image-preview:large","max-video-preview":"max-video-preview:-1"},"canonical":"https:\/\/campinglavall.net\/es\/aviso-legal\/","og_locale":"es_ES","og_type":"article","og_title":"Aviso Legal - Camping La Vall","og_description":"Aviso Legal De conformidad con la Ley 34\/2002, de Servicios de la Sociedad de la Informaci\u00f3n y de Comercio Electr\u00f3nico, le informamos que esta web es titularidad de CAMPINGLAVALLDECAMPMAJOR (en adelante \u00abEL TITULAR\u00bb), con CIF: B17662537, con domicilio en Crta. Del Collel km. 1,5, 17831 Sant Miquel de Campmajor, Girona. Tel\u00e9fono: 650 43 07 64....","og_url":"https:\/\/campinglavall.net\/es\/aviso-legal\/","og_site_name":"Camping La Vall","article_modified_time":"2024-11-08T12:09:31+00:00","twitter_card":"summary_large_image","twitter_misc":{"Tiempo de lectura":"2 minutos"},"schema":{"@context":"https:\/\/schema.org","@graph":[{"@type":"WebPage","@id":"https:\/\/campinglavall.net\/es\/aviso-legal\/","url":"https:\/\/campinglavall.net\/es\/aviso-legal\/","name":"Aviso Legal - Camping La Vall","isPartOf":{"@id":"https:\/\/campinglavall.net\/es\/#website"},"datePublished":"2024-10-09T07:00:48+00:00","dateModified":"2024-11-08T12:09:31+00:00","breadcrumb":{"@id":"https:\/\/campinglavall.net\/es\/aviso-legal\/#breadcrumb"},"inLanguage":"es","potentialAction":[{"@type":"ReadAction","target":["https:\/\/campinglavall.net\/es\/aviso-legal\/"]}]},{"@type":"BreadcrumbList","@id":"https:\/\/campinglavall.net\/es\/aviso-legal\/#breadcrumb","itemListElement":[{"@type":"ListItem","position":1,"name":"Portada","item":"https:\/\/campinglavall.net\/es\/"},{"@type":"ListItem","position":2,"name":"Aviso Legal"}]},{"@type":"WebSite","@id":"https:\/\/campinglavall.net\/es\/#website","url":"https:\/\/campinglavall.net\/es\/","name":"Camping La Vall","description":"","potentialAction":[{"@type":"SearchAction","target":{"@type":"EntryPoint","urlTemplate":"https:\/\/campinglavall.net\/es\/?s={search_term_string}"},"query-input":{"@type":"PropertyValueSpecification","valueRequired":true,"valueName":"search_term_string"}}],"inLanguage":"es"}]}},"_links":{"self":[{"href":"https:\/\/campinglavall.net\/es\/wp-json\/wp\/v2\/pages\/6204","targetHints":{"allow":["GET"]}}],"collection":[{"href":"https:\/\/campinglavall.net\/es\/wp-json\/wp\/v2\/pages"}],"about":[{"href":"https:\/\/campinglavall.net\/es\/wp-json\/wp\/v2\/types\/page"}],"author":[{"embeddable":true,"href":"https:\/\/campinglavall.net\/es\/wp-json\/wp\/v2\/users\/1"}],"replies":[{"embeddable":true,"href":"https:\/\/campinglavall.net\/es\/wp-json\/wp\/v2\/comments?post=6204"}],"version-history":[{"count":4,"href":"https:\/\/campinglavall.net\/es\/wp-json\/wp\/v2\/pages\/6204\/revisions"}],"predecessor-version":[{"id":6361,"href":"https:\/\/campinglavall.net\/es\/wp-json\/wp\/v2\/pages\/6204\/revisions\/6361"}],"wp:attachment":[{"href":"https:\/\/campinglavall.net\/es\/wp-json\/wp\/v2\/media?parent=6204"}],"curies":[{"name":"wp","href":"https:\/\/api.w.org\/{rel}","templated":true}]}}